{"id":2224,"date":"2024-04-15T08:54:57","date_gmt":"2024-04-15T08:54:57","guid":{"rendered":"https:\/\/palazzorizzo.cambia-marketing.it\/?page_id=2224"},"modified":"2024-05-29T07:51:49","modified_gmt":"2024-05-29T07:51:49","slug":"privacy-policy","status":"publish","type":"page","link":"https:\/\/tamtamgranditaglie.com\/en\/privacy-policy\/","title":{"rendered":"Privacy policy"},"content":{"rendered":"<h1 class=\"wp-block-heading\"><strong>196\/2003 (CODICE PRIVACY ITALIANO) E&nbsp; DEGLI ART. 13-14 DEL GDPR (GENERAL DATA PROTECTION REGULATION) 2016\/679<\/strong><\/h1>\n\n\n\n<p>TAM TAM S.r.l., P. IVA 02837270541, con sede in via Pietro Cestelli, 54 \u2013 06135, Ponte San Giovanni, Perugia, Titolare del Trattamento, ti informa&nbsp; che i tuoi dati saranno trattati con le modalit\u00e0 e per le finalit\u00e0 di seguito indicate.<\/p>\n\n\n\n<p>Il Titolare si impegna a tutelare la privacy e la riservatezza dei Dati Personali nel rispetto ai principi di correttezza, liceit\u00e0, trasparenza e di tutela dei tuoi diritti<\/p>\n\n\n\n<h2 class=\"wp-block-heading\"><strong>1) TIPOLOGIA DI DATI TRATTATI<\/strong><\/h2>\n\n\n\n<p>Trattiamo dati personali comunicati da te in occasione di richieste inviate in maniera spontanea e dati che vengono raccolti autonomamente dal sito web.<\/p>\n\n\n\n<ul class=\"wp-block-list\">\n<li><strong>DATI DA TE FORNITI<\/strong>:\u00a0 DATI PERSONALI, IDENTIFICATIVI E NON SENSIBILI DA TE COMUNICATI PER EFFETTUARE RICHIESTE VIA POSTA ELETTRONICA, ATTRAVERSO IL FORM DI CONTATTO O TELEFONICAMENTE SUI NOSTRI PRODOTTI\/SERVIZI<\/li>\n\n\n\n<li><strong>DATI CHE RACCOGLIAMO AUTOMATICAMENTE<\/strong>:\u00a0DATI ANONIMI RACCOLTI UTILIZZANDO I COOKIE O TECNOLOGIE SIMILARI: PER ULTERIORI INFORMAZIONI, TI INVITIAMO A LEGGERE LA\u00a0<a href=\"https:\/\/tamtamgranditaglie.com\/en\/privacy-cookie-policy\/#cookie\">COOKIE POLICY<\/a><\/li>\n<\/ul>\n\n\n\n<p><strong>Avvertenza sui dati sensibili<\/strong><\/p>\n\n\n\n<p>Ti invitiamo a non inviarci dati sensibili come la tua origine razziale ed etnica, le tue convinzioni religiose, politiche e filosofiche e informazioni sul tuo stato di salute e la vita sessuale in quanto assolutamente non necessari per l\u2019erogazione del servizio. Nel caso in cui ci invii dati di questo tipo non possiamo dare seguito alle tue richieste senza il tuo consenso.<\/p>\n\n\n\n<p><strong>Avvertenza sui dati di minori di 16 anni<\/strong><\/p>\n\n\n\n<p>Gli utenti con meno di 16 anni non possono fornire alcun dato personale senza il conferimento del consenso dai genitori o da chi ne eserciti la potest\u00e0.<\/p>\n\n\n\n<p><strong>Avvertenza sui dati di terzi<\/strong><\/p>\n\n\n\n<p>Ti assumi la responsabilit\u00e0 dei Dati Personali di terzi ottenuti, pubblicati o condivisi mediante questo sito web e garantisci di avere il diritto di comunicarli o diffonderli, liberando il Titolare da qualsiasi responsabilit\u00e0 verso terzi.<\/p>\n\n\n\n<h2 class=\"wp-block-heading\"><strong>2) FINALIT\u00c0 E BASI GIURIDICHE DEL TRATTAMENTO&nbsp;<\/strong><\/h2>\n\n\n\n<p>Tratteremo i tuoi dati personali:<\/p>\n\n\n\n<p><strong>A) FINALIT\u00c0 DI EVASIONE DELLE TUE RICHIESTE:&nbsp;<\/strong>I tuoi dati raccolti dal Titolare, tramite il sito web, a tale fine includono: il nome, il cognome, l\u2019 email, nonch\u00e9 tutte le informazioni personali eventualmente e volontariamente inviate anche tramite utilizzo dell\u2019apposito Form di Contatto Diretto disponibile sul sito e\/o tramite email\/telefono. Tratteremo i tuoi dati per&nbsp;fornire una risposta alle tue richieste di informazioni, calcolare un preventivo che ci hai richiesto, compiere operazioni precontrattuali e garantirti l\u2019assistenza da te richiesta.<\/p>\n\n\n\n<p><strong>B)&nbsp;FINALIT\u00c0 AMMINISTRATIVE E CONTABILI<\/strong>: I tuoi dati sono trattati per finalit\u00e0 amministrative e per l\u2019adempimento di obblighi di legge quali ad esempio quelli di natura contabile, fiscale.<\/p>\n\n\n\n<p><strong>C)&nbsp;OBBLIGHI DERIVANTI DA CONTRATTI<\/strong>: I tuoi dati sono trattati per adempiere ai nostri obblighi contrattuali e dare esecuzione ai contratti di compravendita di prodotti o di incarico per l\u2019erogazione di servizi e garantirti l\u2019assistenza necessaria rispetto ai prodotti e servizi acquistati.<\/p>\n\n\n\n<p><strong>D)&nbsp;OBBLIGHI DI LEGGE<\/strong>: I tuoi dati sono trattati per adempiere ad obblighi previsti dalla legge, da un\u2019autorit\u00e0, da un regolamento o dalla normativa europea.<\/p>\n\n\n\n<p><strong>E)&nbsp;INTERESSE LEGITTIMO:&nbsp;<\/strong>Il trattamento \u00e8 necessario per il perseguimento del legittimo interesse del titolare o di terzi.<\/p>\n\n\n\n<p><strong>F)<\/strong>&nbsp;<strong>FINALIT\u00c0 DI ANALISI STATISTICHE:&nbsp;<\/strong>Il trattamento \u00e8 necessario per effettuare analisi statistiche aggregate su base anonima per migliorare&nbsp;i nostri servizi.<\/p>\n\n\n\n<h2 class=\"wp-block-heading\"><strong>3) IL CONFERIMENTO DEI DATI \u00c8 OBBLIGATORIO?&nbsp;<\/strong><\/h2>\n\n\n\n<p>Il conferimento dei tuoi dati \u00e8 sempre facoltativo, ma il loro eventuale mancato conferimento potrebbe rendere impossibile dare seguito alle richieste ricevute e\/o di effettuare i servizi richiesti.<\/p>\n\n\n\n<h2 class=\"wp-block-heading\"><strong>4) MODALIT\u00c0 DI TRATTAMENTO,&nbsp;<\/strong><strong>LUOGO&nbsp;<\/strong><strong>E TEMPI DI CONSERVAZIONE&nbsp;<\/strong><\/h2>\n\n\n\n<p>Il trattamento dei Tuoi dati personali \u00e8 realizzato per mezzo delle operazioni indicate all\u2019art. 4 Codice Privacy e all\u2019art. 4 n. 2) GDPR e precisamente: raccolta, registrazione, organizzazione, conservazione, consultazione, elaborazione, modificazione, selezione, estrazione, raffronto, utilizzo, interconnessione, blocco,<br>comunicazione, cancellazione e distruzione dei dati.<\/p>\n\n\n\n<p>I tuoi dati personali&nbsp;saranno conservati presso le sedi operative del Titolare ed in ogni altro luogo in cui le parti coinvolte nel trattamento siano localizzate e sono sottoposti a trattamento sia cartaceo che elettronico e\/o automatizzato con logiche strettamente correlate alle finalit\u00e0 indicate e comunque in modo da garantire la sicurezza e la riservatezza dei dati stessi. I dati da te inviati non vengono salvati all\u2019interno del nostro sito web.<\/p>\n\n\n\n<p>Il Titolare tratter\u00e0 i dati personali solamente per il tempo necessario per adempiere alle finalit\u00e0 di cui sopra e comunque per non oltre 10 anni dalla cessazione del rapporto per le Finalit\u00e0 al punto C e per non oltre 38 mesi dalla raccolta dei dati per le Finalit\u00e0 al punto F.<\/p>\n\n\n\n<h2 class=\"wp-block-heading\"><strong>5) ACCESSO AI DATI<\/strong><\/h2>\n\n\n\n<p>I tuoi dati potranno essere resi accessibili per le finalit\u00e0 indicate al punto 2:<\/p>\n\n\n\n<ul class=\"wp-block-list\">\n<li>A DIPENDENTI E COLLABORATORI DEL TITOLARE, NELLA LORO QUALIT\u00c0 DI INCARICATI E\/O RESPONSABILI INTERNI DEL TRATTAMENTO E\/O AMMINISTRATORI DI SISTEMA;<\/li>\n\n\n\n<li>A SOCIET\u00c0 TERZE O ALTRI SOGGETTI (PROVIDER SITO WEB, CLOUD PROVIDER, PROVIDER SERVIZIO E-PAYMENT, FORNITORI, TECNICI ADDETTI ALL\u2019ASSISTENZA HARDWARE E SOFTWARE, SPEDIZIONIERI E VETTORI, ISTITUTI DI CREDITO, STUDI PROFESSIONALI, ETC) CHE SVOLGONO ATTIVIT\u00c0 IN OUTSOURCING PER CONTO DEL TITOLARE, NELLA LORO QUALIT\u00c0 DI RESPONSABILI DEL TRATTAMENTO.<\/li>\n<\/ul>\n\n\n\n<h2 class=\"wp-block-heading\"><strong>6) TRASFERIMENTO DEI DATI<\/strong><\/h2>\n\n\n\n<p>I dati raccolti non sono oggetto di trasferimento all\u2019estero. In taluni casi alcuni dati degli utenti potrebbero essere inviati telematicamente a aziende estere. Maggiori informazioni nella sezione \u201cDettaglio sul trattamento dei dati personali.\u201d<\/p>\n\n\n\n<h2 class=\"wp-block-heading\"><strong>7) DETTAGLIO SUL TRATTAMENTO DEI DATI PERSONALI<\/strong><\/h2>\n\n\n\n<p>I Dati Personali sono raccolti per le finalit\u00e0 indicate ed utilizzando i seguenti servizi:<\/p>\n\n\n\n<h3 class=\"wp-block-heading\"><strong>Visualizzazione di contenuti da piattaforme esterne<\/strong><\/h3>\n\n\n\n<p>Questo tipo di servizi permette di visualizzare contenuti ospitati su piattaforme esterne direttamente dalle pagine di questo sito web e di interagire con essi. Nel caso in cui sia installato un servizio di questo tipo, \u00e8 possibile che, anche nel caso gli utenti non utilizzino il servizio, lo stesso raccolga dati di traffico relativi alle pagine in cui \u00e8 installato.<\/p>\n\n\n\n<p><strong>Google Fonts (Google Inc.)<\/strong><br>Google Fonts \u00e8 un servizio di visualizzazione di stili di carattere gestito da Google Inc. che permette a questo sito web di integrare tali contenuti all\u2019interno delle proprie pagine.<\/p>\n\n\n\n<p><strong>Dati personali raccolti:<\/strong>&nbsp;dati di utilizzo e varie tipologie di dati secondo quanto specificato dalla&nbsp;<em>privacy policy<\/em>&nbsp;del servizio.<br><strong>Luogo del trattamento:<\/strong>&nbsp;USA \u2013&nbsp;<a href=\"https:\/\/policies.google.com\/privacy?hl=policies&amp;gl=it\" target=\"_blank\" rel=\"noreferrer noopener\">Privacy Policy<\/a>.<\/p>\n\n\n\n<h3 class=\"wp-block-heading\">Modulo di contatto<\/h3>\n\n\n\n<p>Compilando con i tuoi Dati il modulo di contatto, acconsenti al loro utilizzo per rispondere alle richieste di informazioni, di preventivo, o di qualunque altra natura indicata dall\u2019intestazione del modulo.<\/p>\n\n\n\n<p><strong>Dati Personali raccolti<\/strong>: nome, email.<\/p>\n\n\n\n<h3 class=\"wp-block-heading\">Log di sistema e manutenzione<\/h3>\n\n\n\n<p>Per necessit\u00e0 legate al funzionamento ed alla manutenzione, questo sito web e gli eventuali servizi terzi da essa utilizzati potrebbero raccogliere Log di sistema, ossia file che registrano le interazioni e che possono contenere anche Dati Personali, quali l\u2019indirizzo IP Utente.<\/p>\n\n\n\n<p>Questi dati vengono registrati in automatico&nbsp; all\u2019interno di specifici log del server in cui \u00e8 ospitato il Sito.<\/p>\n\n\n\n<p>I dati vengono utilizzati solo ed esclusivamente per:<\/p>\n\n\n\n<ul class=\"wp-block-list\">\n<li><strong>SICUREZZA \/ ANTI FRODE<\/strong>: I LOG SONO INDISPENSABILI PER GARANTIRE ALTI STANDARD DI SICUREZZA E PER PREVENIRE FRODI ALL\u2019INTERNO DEL SITO, O TRAMITE ESSO.<\/li>\n\n\n\n<li><strong>DATA BREACH<\/strong>: NEL CASO DI DATA BREACH \u00c8 FONDAMENTALE AVVALERSI DEI LOG PER RICOSTRUIRE GLI EVENTI E PER METTERE IN SICUREZZA I SISTEMI<\/li>\n\n\n\n<li><strong>OBBLIGHI DI LEGGE E DIFESA IN GIUDIZIO<\/strong><\/li>\n<\/ul>\n\n\n\n<h2 class=\"wp-block-heading\"><strong>8) I TUOI DIRITTI<\/strong><\/h2>\n\n\n\n<p>Hai diritto di conoscere quali sono i tuoi dati personali oggetto di trattamento. In particolare, ti \u00e8 riconosciuto il diritto di accesso, rettifica, cancellazione nonch\u00e9 il diritto alla portabilit\u00e0 dei dati, il diritto di limitazione del trattamento e il diritto ad opporti al trattamento, se ce ne sono i presupposti.<\/p>\n\n\n\n<p>Di seguito ti forniamo una breve illustrazione dei diritti che ti sono riconosciuti con riferimento al trattamento dei tuoi dati personali.<\/p>\n\n\n\n<ul class=\"wp-block-list\">\n<li>IL\u00a0<strong>DIRITTO DI ACCESSO<\/strong>\u00a0TI CONSENTE DI OTTENERE CONFERMA CHE SIA O MENO IN CORSO UN TRATTAMENTO DEI TUOI DATI PERSONALI DA PARTE DEL\u00a0 TITOLARE E, SE DEL CASO, ACCEDERE A TALI DATI E ALLE INFORMAZIONI AD ESSI RELATIVE;<\/li>\n\n\n\n<li>IL\u00a0<strong>DIRITTO DI RETTIFICA<\/strong>\u00a0TI CONSENTE DI OTTENERE LA MODIFICA DEI DATI PERSONALI INESATTI CHE TI RIGUARDANO SENZA INGIUSTIFICATO RITARDO E, TENUTO CONTO DELLE FINALIT\u00c0 DEL TRATTAMENTO, DI OTTENERE L\u2019INTEGRAZIONE DEI DATI PERSONALI INCOMPLETI;<\/li>\n\n\n\n<li>IL\u00a0<strong>DIRITTO ALLA CANCELLAZIONE<\/strong>\u00a0TI CONSENTE DI OTTENERE LA CANCELLAZIONE DEI DATI CHE TI RIGUARDANO SENZA INGIUSTIFICATO RITARDO (AD ES. QUANDO I TUOI DATI PERSONALI NON SONO PI\u00d9 NECESSARI IN RELAZIONE ALLE FINALIT\u00c0 PER CUI SONO STATI RACCOLTI), FATTE SALVE LE ECCEZIONI PREVISTE DALLA NORMATIVA APPLICABILE (ES. QUANDO LA CONSERVAZIONE DEI TUOI DATI \u00c8 NECESSARIA PER IL RISPETTO DI OBBLIGHI DI LEGGE APPLICABILI AL TITOLARE DEL TRATTAMENTO). LA CANCELLAZIONE VERR\u00c0 EFFETTUATA NEI TEMPI TECNICI PREVISTI;<\/li>\n\n\n\n<li>IL\u00a0<strong>DIRITTO ALLA PORTABILIT\u00c0 DEI DATI<\/strong>\u00a0TI CONSENTE, IN DETERMINATE CIRCOSTANZE PREVISTE DALLA NORMATIVA APPLICABILE, DI RICEVERE IN UN FORMATO STRUTTURATO, DI USO COMUNE E LEGGIBILE DA DISPOSITIVO AUTOMATICO I DATI PERSONALI CHE TI RIGUARDANO CHE HAI FORNITO. POTRAI TRASMETTERE QUESTI DATI AD UN ALTRO TITOLARE DEL TRATTAMENTO, SEMPRECH\u00c9 TALE DIRITTO LE POSSA ESSERE RICONOSCIUTO ALLA LUCE DELLA NORMATIVA APPLICABILE, E FATTO SALVO IL CASO IN CUI POSSA DERIVARNE UNA LESIONE PER I DIRITTI E LE LIBERT\u00c0 ALTRUI;<\/li>\n\n\n\n<li>IL\u00a0<strong>DIRITTO ALLA LIMITAZIONE DEL TRATTAMENTO<\/strong>\u00a0TI CONSENTE, IN DETERMINATE CIRCOSTANZE PREVISTE DALLA NORMATIVA APPLICABILE, DI OTTENERE LA LIMITAZIONE DEL TRATTAMENTO DEI TUOI DATI PERSONALI. IN TALI CASI IL TITOLARE POTR\u00c0 CONTINUARE A TRATTARE I TUOI DATI SOLTANTO IN ALCUNI CASI, AD ESEMPIO PER L\u2019ESERCIZIO DEL DIRITTO DI DIFESA O PER TUTELARE I DIRITTI DI UN\u2019ALTRA PERSONA FISICA O GIURIDICA;<\/li>\n\n\n\n<li>IL\u00a0<strong>DIRITTO DI OPPOSIZIONE AL TRATTAMENTO<\/strong>\u00a0TI CONSENTE, IN DETERMINATE CIRCOSTANZE PREVISTE DALLA NORMATIVA APPLICABILE, DI OPPORTI AL TRATTAMENTO DEI TUOI DATI PERSONALI A MENO CHE SUSSISTANO PREVALENTI MOTIVI LEGITTIMI, DIRITTI O LIBERT\u00c0 TALI DA CONSENTIRE IL TITOLARE DI CONTINUARE IL TRATTAMENTO;<\/li>\n<\/ul>\n\n\n\n<p>Per ottenere maggiori informazioni sul trattamento dei tuoi dati personali o esercitare i tuoi diritti puoi contattarci all\u2019indirizzo e-mail&nbsp;<a href=\"mailto:info@tamtamgranditaglie.com\">info@tamtamgranditaglie.com<\/a>&nbsp;o tramite posta raccomandata all\u2019indirizzo della sede del Titolare. Le richieste sono depositate a titolo gratuito e evase dal Titolare nel pi\u00f9 breve tempo possibile, in ogni caso entro un mese.<\/p>\n\n\n\n<h2 class=\"wp-block-heading\"><strong>9) MODIFICHE ALLA INFORMATIVA<\/strong><\/h2>\n\n\n\n<p>La presente Informativa pu\u00f2 subire variazioni. Si consiglia, quindi, di controllare regolarmente questa Informativa e di riferirsi alla versione pi\u00f9 aggiornata.<\/p>\n\n\n\n<p>Ultimo aggiornamento:&nbsp;<strong>Novembre 2023<\/strong><\/p>\n\n\n\n<p>In qualsiasi momento, avrai il diritto di proporre reclamo al&nbsp;<a href=\"https:\/\/www.garanteprivacy.it\/\" target=\"_blank\" rel=\"noreferrer noopener\">Garante per la protezione dei dati personali<\/a>&nbsp;se ritieni di non aver soddisfacentemente ottenuto risposta riguardo ai tuoi diritti o qualora tu ritenga che si stia verificando una violazione dei tuoi diritti.<br><a><\/a><\/p>\n\n\n\n<h1 class=\"wp-block-heading\"><strong>INFORMATIVA ESTESA SUI COOKIE (COOKIE POLICY)<\/strong><\/h1>\n\n\n\n<h3 class=\"wp-block-heading\">Cosa sono i cookie<\/h3>\n\n\n\n<p>Un \u201ccookie\u201d \u00e8 un piccolo file di testo creato sul computer dell\u2019utente al momento in cui questo accede ad un determinato sito, con lo scopo di immagazzinare e trasportare informazioni. I cookie sono inviati da un server web (che \u00e8 il computer sul quale \u00e8 in esecuzione il sito web visitato) al browser dell\u2019utente (Internet Explorer, Mozilla Firefox, Google Chrome, ecc.) e memorizzati sul computer di quest\u2019ultimo; vengono, quindi, re-inviati al sito web al momento delle visite successive.<\/p>\n\n\n\n<h2 class=\"wp-block-heading\"><strong>TIPOLOGIE DI COOKIE PRESENTI IN QUESTO SITO<\/strong><\/h2>\n\n\n\n<p><strong>1) Cookie tecnici<\/strong>&nbsp;di sessione che vengono utilizzati con una durata pari alla singola sessione di navigazione e che quindi scadono nel momento in cui viene chiusa la sessione del browser. Sono definiti cookie tecnici e non \u00e8 necessario un tuo consenso per il loro utilizzo. Non vengono utilizzati per scopi ulteriori e senza il ricorso a tali cookie, alcune operazioni non potrebbero essere compiute o sarebbero pi\u00f9 complesse e\/o meno sicure.<\/p>\n\n\n\n<h2 class=\"wp-block-heading\"><strong>COME CONTROLLARE ED ELIMINARE I COOKIE ATTRAVERSO IL BROWSER&nbsp;<\/strong><\/h2>\n\n\n\n<p>La maggior parte dei web browser accetta i cookie, ma tu puoi solitamente modificare le impostazioni del web browser in modo da rifiutare i cookie, disabilitare quelli esistenti o semplicemente essere informato quando un nuovo cookie viene inviato al tuo dispositivo. Fai attenzione che, se tu rifiuti o disabiliti i cookie, alcune delle funzionalit\u00e0 del sito web possono andare perse. Inoltre, disabilitando i cookie o categorie di cookie il cookie non viene eliminato dal tuo browser. Dovrai eliminarlo tramite il tuo browser.<\/p>\n\n\n\n<p>1)&nbsp;<a href=\"https:\/\/support.google.com\/chrome\/answer\/95647?hl=it\" target=\"_blank\" rel=\"noreferrer noopener\">Disabilitazione e cancellazione dei cookie su Chrome&nbsp;<\/a><\/p>\n\n\n\n<p>2)&nbsp;<a href=\"https:\/\/support.mozilla.org\/it\/kb\/Attivare%20e%20disattivare%20i%20cookie\" target=\"_blank\" rel=\"noreferrer noopener\">Disabilitazione e cancellazione dei cookie su Firefox&nbsp;<\/a><\/p>\n\n\n\n<p>3)&nbsp;<a href=\"http:\/\/windows.microsoft.com\/it-it\/internet-explorer\/delete-manage-cookies#ie=ie-11\" target=\"_blank\" rel=\"noreferrer noopener\">Disabilitazione e cancellazione dei cookie su Internet Explorer<\/a><\/p>\n\n\n\n<p>4)&nbsp;<a href=\"https:\/\/support.microsoft.com\/it-it\/products\/microsoft-edge\" target=\"_blank\" rel=\"noopener\">Disabilitazione e cancellazione dei cookie su Microsoft Edge<\/a><\/p>\n\n\n\n<p>5)&nbsp;<a href=\"https:\/\/support.apple.com\/it-it\/HT201265\" target=\"_blank\" rel=\"noreferrer noopener\">Disabilitazione e cancellazione dei cookie su Safari<\/a><\/p>\n\n\n\n<p>6)&nbsp;<a href=\"http:\/\/help.opera.com\/Mac\/12.10\/it\/cookies.html\" target=\"_blank\" rel=\"noreferrer noopener\">Disabilitazione e cancellazione dei cookie su Opera&nbsp;<\/a><\/p>\n\n\n\n<h3 class=\"wp-block-heading\">ANDROID<\/h3>\n\n\n\n<ol class=\"wp-block-list\">\n<li>SUL TUO DISPOSITIVO APRI L\u2019APP \u201cIMPOSTAZIONI GOOGLE\u201d<\/li>\n\n\n\n<li>SCORRI VERSO IL BASSO E SELEZIONA \u201cGOOGLE\u201d<\/li>\n\n\n\n<li>SELEZIONA \u201cANNUNCI\u201d<\/li>\n\n\n\n<li>SELEZIONA \u201cDISATTIVA ANNUNCI BASATI SUGLI INTERESSI\u201d O \u201cDISATTIVA PERSONALIZZAZIONE ANNUNCI\u201d<\/li>\n<\/ol>\n\n\n\n<p>Leggi anche&nbsp;<a href=\"https:\/\/support.google.com\/accounts\/answer\/61416?hl=it&amp;co=GENIE.Platform%3DAndroid\" target=\"_blank\" rel=\"noreferrer noopener\">Attivare o disattivare i cookie su Android<\/a>&nbsp;e&nbsp;<a href=\"https:\/\/support.google.com\/accounts\/answer\/32050?co=GENIE.Platform%3DAndroid&amp;oco=1\" target=\"_blank\" rel=\"noreferrer noopener\">cancellare i cookie su Android<\/a><\/p>\n\n\n\n<h3 class=\"wp-block-heading\">IOS<\/h3>\n\n\n\n<p>I dispositivi iOS utilizzano l\u2019Advertising Identifier di Apple. Per ulteriori informazioni su come limitare il monitoraggio degli annunci con questo identificatore, visita l\u2019app \u201cImpostazioni sul tuo dispositivo\u201d oppure visita la pagina&nbsp;<a href=\"https:\/\/support.apple.com\/it-it\/HT201265\" target=\"_blank\" rel=\"noreferrer noopener\">https:\/\/support.apple.com\/it-it\/HT201265<\/a><\/p>\n\n\n\n<p>Queste due piattaforme offrono la possibilit\u00e0 di rifiutare o accettare i cookie di molti professionisti della pubblicit\u00e0 digitale. Clicca sui link per gestire le tue preferenze sui cookie:<\/p>\n\n\n\n<p><a href=\"http:\/\/www.youronlinechoices.com\/it\/le-tue-scelte\" target=\"_blank\" rel=\"noreferrer noopener\">Youonlinechoice<\/a><\/p>\n\n\n\n<p><a href=\"http:\/\/optout.networkadvertising.org\/?c=1#!\/\" target=\"_blank\" rel=\"noreferrer noopener\">Networkadvertising.org<\/a><\/p>\n\n\n\n<p>Ti consigliamo di utilizzare queste piattaforme per gestire la revoca del consenso all\u2019utilizzo dei cookie.<\/p>","protected":false},"excerpt":{"rendered":"<p>196\/2003 (CODICE PRIVACY ITALIANO) E&nbsp; DEGLI ART. 13-14 DEL GDPR (GENERAL DATA PROTECTION REGULATION) 2016\/679 TAM TAM S.r.l., P. IVA 02837270541, con sede in via Pietro Cestelli, 54 \u2013 06135, Ponte San Giovanni, Perugia, Titolare del Trattamento, ti informa&nbsp; che i tuoi dati saranno trattati con le modalit\u00e0 e per le finalit\u00e0 di seguito indicate. [&hellip;]<\/p>","protected":false},"author":1,"featured_media":0,"parent":0,"menu_order":0,"comment_status":"closed","ping_status":"closed","template":"","meta":{"footnotes":""},"class_list":["post-2224","page","type-page","status-publish","hentry"],"_links":{"self":[{"href":"https:\/\/tamtamgranditaglie.com\/en\/wp-json\/wp\/v2\/pages\/2224","targetHints":{"allow":["GET"]}}],"collection":[{"href":"https:\/\/tamtamgranditaglie.com\/en\/wp-json\/wp\/v2\/pages"}],"about":[{"href":"https:\/\/tamtamgranditaglie.com\/en\/wp-json\/wp\/v2\/types\/page"}],"author":[{"embeddable":true,"href":"https:\/\/tamtamgranditaglie.com\/en\/wp-json\/wp\/v2\/users\/1"}],"replies":[{"embeddable":true,"href":"https:\/\/tamtamgranditaglie.com\/en\/wp-json\/wp\/v2\/comments?post=2224"}],"version-history":[{"count":4,"href":"https:\/\/tamtamgranditaglie.com\/en\/wp-json\/wp\/v2\/pages\/2224\/revisions"}],"predecessor-version":[{"id":2359,"href":"https:\/\/tamtamgranditaglie.com\/en\/wp-json\/wp\/v2\/pages\/2224\/revisions\/2359"}],"wp:attachment":[{"href":"https:\/\/tamtamgranditaglie.com\/en\/wp-json\/wp\/v2\/media?parent=2224"}],"curies":[{"name":"wp","href":"https:\/\/api.w.org\/{rel}","templated":true}]}}