{"id":3309,"date":"2024-06-04T09:59:14","date_gmt":"2024-06-04T09:59:14","guid":{"rendered":"https:\/\/palazzorizzo.cambia-marketing.it\/?page_id=3309"},"modified":"2026-04-07T07:01:23","modified_gmt":"2026-04-07T07:01:23","slug":"outlet","status":"publish","type":"page","link":"https:\/\/tamtamgranditaglie.com\/en\/outlet\/","title":{"rendered":"Outlet"},"content":{"rendered":"<div data-elementor-type=\"wp-page\" data-elementor-id=\"3309\" class=\"elementor elementor-3309\" data-elementor-post-type=\"page\">\n\t\t\t\t<div class=\"elementor-element elementor-element-0b471b3 e-grid e-con-full e-con e-parent\" data-id=\"0b471b3\" data-element_type=\"container\">\n\t\t\t\t<div class=\"elementor-element elementor-element-912201c elementor-widget elementor-widget-heading\" data-id=\"912201c\" data-element_type=\"widget\" data-widget_type=\"heading.default\">\n\t\t\t\t<div class=\"elementor-widget-container\">\n\t\t\t\t\t<h2 class=\"elementor-heading-title elementor-size-default\">Outlet Grandi Taglie<\/h2>\t\t\t\t<\/div>\n\t\t\t\t<\/div>\n\t\t\t\t<div class=\"elementor-element elementor-element-6c043be elementor-widget__width-initial elementor-widget elementor-widget-text-editor\" data-id=\"6c043be\" data-element_type=\"widget\" data-widget_type=\"text-editor.default\">\n\t\t\t\t<div class=\"elementor-widget-container\">\n\t\t\t\t\t\t\t\t\t<p>At our Outlet, in Ferriera di Torgiano, you will find a vast assortment of men's and women's clothing, with sizes available up to 84 and with discounts all year round, with the same quality that has always distinguished us.<\/p><p>Our qualified staff will assist and advise you so that you can choose your perfect outfit.<\/p>\t\t\t\t\t\t\t\t<\/div>\n\t\t\t\t<\/div>\n\t\t\t\t<\/div>\n\t\t<div class=\"elementor-element elementor-element-df49123 e-con-full elementor-hidden-tablet elementor-hidden-mobile e-flex e-con e-parent\" data-id=\"df49123\" data-element_type=\"container\">\n\t\t<div class=\"elementor-element elementor-element-f67c5dd e-con-full e-flex e-con e-child\" data-id=\"f67c5dd\" data-element_type=\"container\" data-settings=\"{&quot;background_background&quot;:&quot;slideshow&quot;,&quot;background_slideshow_gallery&quot;:[{&quot;id&quot;:6382,&quot;url&quot;:&quot;https:\\\/\\\/tamtamgranditaglie.com\\\/wp-content\\\/uploads\\\/2024\\\/08\\\/tam-tam-store-29.jpg&quot;},{&quot;id&quot;:6380,&quot;url&quot;:&quot;https:\\\/\\\/tamtamgranditaglie.com\\\/wp-content\\\/uploads\\\/2024\\\/08\\\/tam-tam-store-27.jpg&quot;},{&quot;id&quot;:6379,&quot;url&quot;:&quot;https:\\\/\\\/tamtamgranditaglie.com\\\/wp-content\\\/uploads\\\/2024\\\/08\\\/tam-tam-store-22.jpg&quot;}],&quot;background_slideshow_slide_duration&quot;:3500,&quot;background_slideshow_loop&quot;:&quot;yes&quot;,&quot;background_slideshow_slide_transition&quot;:&quot;fade&quot;,&quot;background_slideshow_transition_duration&quot;:500}\">\n\t\t\t\t<\/div>\n\t\t<div class=\"elementor-element elementor-element-f3623db e-con-full e-flex e-con e-child\" data-id=\"f3623db\" data-element_type=\"container\" data-settings=\"{&quot;background_background&quot;:&quot;slideshow&quot;,&quot;background_slideshow_gallery&quot;:[{&quot;id&quot;:6384,&quot;url&quot;:&quot;https:\\\/\\\/tamtamgranditaglie.com\\\/wp-content\\\/uploads\\\/2024\\\/08\\\/tam-tam-store-30.jpg&quot;},{&quot;id&quot;:6385,&quot;url&quot;:&quot;https:\\\/\\\/tamtamgranditaglie.com\\\/wp-content\\\/uploads\\\/2024\\\/08\\\/tam-tam-store-35.jpg&quot;},{&quot;id&quot;:6391,&quot;url&quot;:&quot;https:\\\/\\\/tamtamgranditaglie.com\\\/wp-content\\\/uploads\\\/2024\\\/08\\\/tam-tam-store-32.jpg&quot;}],&quot;background_slideshow_slide_duration&quot;:3500,&quot;background_slideshow_loop&quot;:&quot;yes&quot;,&quot;background_slideshow_slide_transition&quot;:&quot;fade&quot;,&quot;background_slideshow_transition_duration&quot;:500}\">\n\t\t\t\t<\/div>\n\t\t\t\t<\/div>\n\t\t<div class=\"elementor-element elementor-element-6d68356 e-con-full elementor-hidden-tablet elementor-hidden-mobile e-flex e-con e-parent\" data-id=\"6d68356\" data-element_type=\"container\">\n\t\t<div class=\"elementor-element elementor-element-00de930 e-con-full e-flex e-con e-child\" data-id=\"00de930\" data-element_type=\"container\" data-settings=\"{&quot;background_background&quot;:&quot;slideshow&quot;,&quot;background_slideshow_gallery&quot;:[{&quot;id&quot;:6387,&quot;url&quot;:&quot;https:\\\/\\\/tamtamgranditaglie.com\\\/wp-content\\\/uploads\\\/2024\\\/08\\\/tam-tam-store-31.jpg&quot;},{&quot;id&quot;:6354,&quot;url&quot;:&quot;https:\\\/\\\/tamtamgranditaglie.com\\\/wp-content\\\/uploads\\\/2024\\\/08\\\/tam-tam-store-25.jpg&quot;},{&quot;id&quot;:6386,&quot;url&quot;:&quot;https:\\\/\\\/tamtamgranditaglie.com\\\/wp-content\\\/uploads\\\/2024\\\/08\\\/tam-tam-store-24.jpg&quot;}],&quot;background_slideshow_slide_duration&quot;:3500,&quot;background_slideshow_loop&quot;:&quot;yes&quot;,&quot;background_slideshow_slide_transition&quot;:&quot;fade&quot;,&quot;background_slideshow_transition_duration&quot;:500}\">\n\t\t\t\t<\/div>\n\t\t<div class=\"elementor-element elementor-element-88b809c e-con-full e-flex e-con e-child\" data-id=\"88b809c\" data-element_type=\"container\" data-settings=\"{&quot;background_background&quot;:&quot;classic&quot;}\">\n\t\t\t\t<\/div>\n\t\t<div class=\"elementor-element elementor-element-a9947a4 e-con-full e-flex e-con e-child\" data-id=\"a9947a4\" data-element_type=\"container\" data-settings=\"{&quot;background_background&quot;:&quot;slideshow&quot;,&quot;background_slideshow_gallery&quot;:[{&quot;id&quot;:6389,&quot;url&quot;:&quot;https:\\\/\\\/tamtamgranditaglie.com\\\/wp-content\\\/uploads\\\/2024\\\/08\\\/tam-tam-store-33.jpg&quot;},{&quot;id&quot;:6390,&quot;url&quot;:&quot;https:\\\/\\\/tamtamgranditaglie.com\\\/wp-content\\\/uploads\\\/2024\\\/08\\\/tam-tam-store-34.jpg&quot;},{&quot;id&quot;:6388,&quot;url&quot;:&quot;https:\\\/\\\/tamtamgranditaglie.com\\\/wp-content\\\/uploads\\\/2024\\\/08\\\/tam-tam-store-28.jpg&quot;}],&quot;background_slideshow_slide_duration&quot;:3500,&quot;background_slideshow_loop&quot;:&quot;yes&quot;,&quot;background_slideshow_slide_transition&quot;:&quot;fade&quot;,&quot;background_slideshow_transition_duration&quot;:500}\">\n\t\t\t\t<\/div>\n\t\t\t\t<\/div>\n\t\t<div class=\"elementor-element elementor-element-afeffde e-grid e-con-full elementor-hidden-desktop e-con e-parent\" data-id=\"afeffde\" data-element_type=\"container\" data-settings=\"{&quot;background_background&quot;:&quot;slideshow&quot;,&quot;background_slideshow_gallery&quot;:[{&quot;id&quot;:6390,&quot;url&quot;:&quot;https:\\\/\\\/tamtamgranditaglie.com\\\/wp-content\\\/uploads\\\/2024\\\/08\\\/tam-tam-store-34.jpg&quot;},{&quot;id&quot;:6391,&quot;url&quot;:&quot;https:\\\/\\\/tamtamgranditaglie.com\\\/wp-content\\\/uploads\\\/2024\\\/08\\\/tam-tam-store-32.jpg&quot;},{&quot;id&quot;:6389,&quot;url&quot;:&quot;https:\\\/\\\/tamtamgranditaglie.com\\\/wp-content\\\/uploads\\\/2024\\\/08\\\/tam-tam-store-33.jpg&quot;},{&quot;id&quot;:6386,&quot;url&quot;:&quot;https:\\\/\\\/tamtamgranditaglie.com\\\/wp-content\\\/uploads\\\/2024\\\/08\\\/tam-tam-store-24.jpg&quot;},{&quot;id&quot;:6388,&quot;url&quot;:&quot;https:\\\/\\\/tamtamgranditaglie.com\\\/wp-content\\\/uploads\\\/2024\\\/08\\\/tam-tam-store-28.jpg&quot;},{&quot;id&quot;:6385,&quot;url&quot;:&quot;https:\\\/\\\/tamtamgranditaglie.com\\\/wp-content\\\/uploads\\\/2024\\\/08\\\/tam-tam-store-35.jpg&quot;},{&quot;id&quot;:6387,&quot;url&quot;:&quot;https:\\\/\\\/tamtamgranditaglie.com\\\/wp-content\\\/uploads\\\/2024\\\/08\\\/tam-tam-store-31.jpg&quot;},{&quot;id&quot;:6382,&quot;url&quot;:&quot;https:\\\/\\\/tamtamgranditaglie.com\\\/wp-content\\\/uploads\\\/2024\\\/08\\\/tam-tam-store-29.jpg&quot;},{&quot;id&quot;:6383,&quot;url&quot;:&quot;https:\\\/\\\/tamtamgranditaglie.com\\\/wp-content\\\/uploads\\\/2024\\\/08\\\/tam-tam-store-26.jpg&quot;},{&quot;id&quot;:6384,&quot;url&quot;:&quot;https:\\\/\\\/tamtamgranditaglie.com\\\/wp-content\\\/uploads\\\/2024\\\/08\\\/tam-tam-store-30.jpg&quot;},{&quot;id&quot;:6380,&quot;url&quot;:&quot;https:\\\/\\\/tamtamgranditaglie.com\\\/wp-content\\\/uploads\\\/2024\\\/08\\\/tam-tam-store-27.jpg&quot;},{&quot;id&quot;:6379,&quot;url&quot;:&quot;https:\\\/\\\/tamtamgranditaglie.com\\\/wp-content\\\/uploads\\\/2024\\\/08\\\/tam-tam-store-22.jpg&quot;},{&quot;id&quot;:6378,&quot;url&quot;:&quot;https:\\\/\\\/tamtamgranditaglie.com\\\/wp-content\\\/uploads\\\/2024\\\/08\\\/tam-tam-store-36.jpg&quot;}],&quot;background_slideshow_slide_transition&quot;:&quot;slide_left&quot;,&quot;background_slideshow_slide_duration&quot;:2000,&quot;background_slideshow_loop&quot;:&quot;yes&quot;,&quot;background_slideshow_transition_duration&quot;:500}\">\n\t\t\t\t<\/div>\n\t\t<div class=\"elementor-element elementor-element-ca7a961 e-grid e-con-full e-con e-parent\" data-id=\"ca7a961\" data-element_type=\"container\">\n\t\t\t\t<div class=\"elementor-element elementor-element-34f7353 elementor-widget elementor-widget-heading\" data-id=\"34f7353\" data-element_type=\"widget\" data-widget_type=\"heading.default\">\n\t\t\t\t<div class=\"elementor-widget-container\">\n\t\t\t\t\t<h2 class=\"elementor-heading-title elementor-size-default\">Where to find us<\/h2>\t\t\t\t<\/div>\n\t\t\t\t<\/div>\n\t\t<div class=\"elementor-element elementor-element-5b1a2a5 e-con-full e-flex e-con e-child\" data-id=\"5b1a2a5\" data-element_type=\"container\">\n\t\t<div class=\"elementor-element elementor-element-db1fe49 e-con-full e-flex e-con e-child\" data-id=\"db1fe49\" data-element_type=\"container\">\n\t\t\t\t<div class=\"elementor-element elementor-element-a56f075 elementor-widget__width-initial elementor-widget elementor-widget-text-editor\" data-id=\"a56f075\" data-element_type=\"widget\" data-widget_type=\"text-editor.default\">\n\t\t\t\t<div class=\"elementor-widget-container\">\n\t\t\t\t\t\t\t\t\t<p>Via dei Mastri, 1 &#8211; 06089 Ferriera di Torgiano PG<\/p>\n<p>Tel: <span style=\"color: #7a7a7a;\"><a style=\"color: #7a7a7a;\" href=\"tel:075397141\">+39 075 397141<\/a><br>E-mail <a style=\"color: #7a7a7a;\" href=\"mailto:info@tamtamgranditaglie.com\">info@tamtamgranditaglie.com<\/a><\/span><\/p>\n<p>Mondays: 4pm - 8pm<br>Tue-Sat: 9:30am - 1pm \/ 4pm - 8pm<br>Sunday: Closed<\/p>\t\t\t\t\t\t\t\t<\/div>\n\t\t\t\t<\/div>\n\t\t\t\t<\/div>\n\t\t<div class=\"elementor-element elementor-element-b297cd1 e-con-full e-flex e-con e-child\" data-id=\"b297cd1\" data-element_type=\"container\" data-settings=\"{&quot;background_background&quot;:&quot;classic&quot;}\">\n\t\t\t\t<div class=\"elementor-element elementor-element-aa0744d elementor-widget elementor-widget-google_maps\" data-id=\"aa0744d\" data-element_type=\"widget\" data-widget_type=\"google_maps.default\">\n\t\t\t\t<div class=\"elementor-widget-container\">\n\t\t\t\t\t\t\t<div class=\"elementor-custom-embed\">\n\t\t\t<iframe loading=\"lazy\"\n\t\t\t\t\tsrc=\"https:\/\/maps.google.com\/maps?q=Tam%20tam%20outlet&#038;t=m&#038;z=16&#038;output=embed&#038;iwloc=near\"\n\t\t\t\t\ttitle=\"Tam tam outlet\"\n\t\t\t\t\taria-label=\"Tam tam outlet\"\n\t\t\t><\/iframe>\n\t\t<\/div>\n\t\t\t\t\t\t<\/div>\n\t\t\t\t<\/div>\n\t\t\t\t<\/div>\n\t\t\t\t<\/div>\n\t\t\t\t<\/div>\n\t\t\t\t<\/div>","protected":false},"excerpt":{"rendered":"<p>Outlet Grandi Taglie Presso il nostro Outlet, a Ferriera di Torgiano, troverete un vasto assortimento di capi di abbigliamento per uomo e donna, con taglie disponibili fino alla 84 e con sconti tutto l&#8217;anno, con la stessa qualit\u00e0 che ci contraddistingue da sempre. Il nostro personale qualificato, vi assister\u00e0 e consiglier\u00e0 al meglio per poter [&hellip;]<\/p>","protected":false},"author":1,"featured_media":0,"parent":0,"menu_order":0,"comment_status":"closed","ping_status":"closed","template":"elementor_header_footer","meta":{"footnotes":""},"class_list":["post-3309","page","type-page","status-publish","hentry"],"_links":{"self":[{"href":"https:\/\/tamtamgranditaglie.com\/en\/wp-json\/wp\/v2\/pages\/3309","targetHints":{"allow":["GET"]}}],"collection":[{"href":"https:\/\/tamtamgranditaglie.com\/en\/wp-json\/wp\/v2\/pages"}],"about":[{"href":"https:\/\/tamtamgranditaglie.com\/en\/wp-json\/wp\/v2\/types\/page"}],"author":[{"embeddable":true,"href":"https:\/\/tamtamgranditaglie.com\/en\/wp-json\/wp\/v2\/users\/1"}],"replies":[{"embeddable":true,"href":"https:\/\/tamtamgranditaglie.com\/en\/wp-json\/wp\/v2\/comments?post=3309"}],"version-history":[{"count":118,"href":"https:\/\/tamtamgranditaglie.com\/en\/wp-json\/wp\/v2\/pages\/3309\/revisions"}],"predecessor-version":[{"id":9256,"href":"https:\/\/tamtamgranditaglie.com\/en\/wp-json\/wp\/v2\/pages\/3309\/revisions\/9256"}],"wp:attachment":[{"href":"https:\/\/tamtamgranditaglie.com\/en\/wp-json\/wp\/v2\/media?parent=3309"}],"curies":[{"name":"wp","href":"https:\/\/api.w.org\/{rel}","templated":true}]}}